{"id":4312,"date":"2026-01-30T16:44:38","date_gmt":"2026-01-30T15:44:38","guid":{"rendered":"https:\/\/www.camping-arroch.com\/locations\/"},"modified":"2026-01-30T16:44:38","modified_gmt":"2026-01-30T15:44:38","slug":"locations","status":"publish","type":"page","link":"https:\/\/www.camping-arroch.com\/en\/locations\/","title":{"rendered":"Locations"},"content":{"rendered":"","protected":false},"excerpt":{"rendered":"","protected":false},"author":8,"featured_media":2629,"parent":0,"menu_order":0,"comment_status":"closed","ping_status":"closed","template":"","meta":{"footnotes":""},"class_list":["post-4312","page","type-page","status-publish","has-post-thumbnail","hentry"],"yoast_head":"<!-- This site is optimized with the Yoast SEO plugin v25.3 - https:\/\/yoast.com\/wordpress\/plugins\/seo\/ -->\n<title>Camping and Caravanning in Northern Finist\u00e8re | Campsite in Finist\u00e8re<\/title>\n<meta name=\"description\" content=\"Caravan sites in northern Finist\u00e8re: spacious pitches, sea views, unspoilt nature and 3-star facilities for caravans, tents or motorhomes\" \/>\n<meta name=\"robots\" content=\"index, follow, max-snippet:-1, max-image-preview:large, max-video-preview:-1\" \/>\n<link rel=\"canonical\" href=\"https:\/\/www.camping-arroch.com\/en\/locations\/\" \/>\n<meta property=\"og:locale\" content=\"en_US\" \/>\n<meta property=\"og:type\" content=\"article\" \/>\n<meta property=\"og:title\" content=\"Camping and Caravanning in Northern Finist\u00e8re | Campsite in Finist\u00e8re\" \/>\n<meta property=\"og:description\" content=\"Caravan sites in northern Finist\u00e8re: spacious pitches, sea views, unspoilt nature and 3-star facilities for caravans, tents or motorhomes\" \/>\n<meta property=\"og:url\" content=\"https:\/\/www.camping-arroch.com\/en\/locations\/\" \/>\n<meta property=\"og:site_name\" content=\"Camping Ar Roc&#039;h\" \/>\n<meta property=\"og:image\" content=\"https:\/\/www.camping-arroch.com\/wp-content\/uploads\/2020\/06\/IMG_20200403_141836-1-scaled-e1591707752340.jpg\" \/>\n\t<meta property=\"og:image:width\" content=\"2560\" \/>\n\t<meta property=\"og:image:height\" content=\"884\" \/>\n\t<meta property=\"og:image:type\" content=\"image\/jpeg\" \/>\n<meta name=\"twitter:card\" content=\"summary_large_image\" \/>\n<script type=\"application\/ld+json\" class=\"yoast-schema-graph\">{\"@context\":\"https:\/\/schema.org\",\"@graph\":[{\"@type\":\"WebPage\",\"@id\":\"https:\/\/www.camping-arroch.com\/en\/locations\/\",\"url\":\"https:\/\/www.camping-arroch.com\/en\/locations\/\",\"name\":\"Camping and Caravanning in Northern Finist\u00e8re | Campsite in Finist\u00e8re\",\"isPartOf\":{\"@id\":\"https:\/\/www.camping-arroch.com\/en\/#website\"},\"primaryImageOfPage\":{\"@id\":\"https:\/\/www.camping-arroch.com\/en\/locations\/#primaryimage\"},\"image\":{\"@id\":\"https:\/\/www.camping-arroch.com\/en\/locations\/#primaryimage\"},\"thumbnailUrl\":\"https:\/\/www.camping-arroch.com\/wp-content\/uploads\/2020\/06\/IMG_20200403_141836-1-scaled-e1591707752340.jpg\",\"datePublished\":\"2026-01-30T15:44:38+00:00\",\"description\":\"Caravan sites in northern Finist\u00e8re: spacious pitches, sea views, unspoilt nature and 3-star facilities for caravans, tents or motorhomes\",\"breadcrumb\":{\"@id\":\"https:\/\/www.camping-arroch.com\/en\/locations\/#breadcrumb\"},\"inLanguage\":\"en-US\",\"potentialAction\":[{\"@type\":\"ReadAction\",\"target\":[\"https:\/\/www.camping-arroch.com\/en\/locations\/\"]}]},{\"@type\":\"ImageObject\",\"inLanguage\":\"en-US\",\"@id\":\"https:\/\/www.camping-arroch.com\/en\/locations\/#primaryimage\",\"url\":\"https:\/\/www.camping-arroch.com\/wp-content\/uploads\/2020\/06\/IMG_20200403_141836-1-scaled-e1591707752340.jpg\",\"contentUrl\":\"https:\/\/www.camping-arroch.com\/wp-content\/uploads\/2020\/06\/IMG_20200403_141836-1-scaled-e1591707752340.jpg\",\"width\":2560,\"height\":884},{\"@type\":\"BreadcrumbList\",\"@id\":\"https:\/\/www.camping-arroch.com\/en\/locations\/#breadcrumb\",\"itemListElement\":[{\"@type\":\"ListItem\",\"position\":1,\"name\":\"Camping Finist\u00e8re\",\"item\":\"https:\/\/www.camping-arroch.com\/en\/\"},{\"@type\":\"ListItem\",\"position\":2,\"name\":\"Location Finist\u00e8re\"}]},{\"@type\":\"WebSite\",\"@id\":\"https:\/\/www.camping-arroch.com\/en\/#website\",\"url\":\"https:\/\/www.camping-arroch.com\/en\/\",\"name\":\"Camping Ar Roc&#039;h\",\"description\":\"\",\"potentialAction\":[{\"@type\":\"SearchAction\",\"target\":{\"@type\":\"EntryPoint\",\"urlTemplate\":\"https:\/\/www.camping-arroch.com\/en\/?s={search_term_string}\"},\"query-input\":{\"@type\":\"PropertyValueSpecification\",\"valueRequired\":true,\"valueName\":\"search_term_string\"}}],\"inLanguage\":\"en-US\"}]}<\/script>\n<!-- \/ Yoast SEO plugin. -->","yoast_head_json":{"title":"Camping and Caravanning in Northern Finist\u00e8re | Campsite in Finist\u00e8re","description":"Caravan sites in northern Finist\u00e8re: spacious pitches, sea views, unspoilt nature and 3-star facilities for caravans, tents or motorhomes","robots":{"index":"index","follow":"follow","max-snippet":"max-snippet:-1","max-image-preview":"max-image-preview:large","max-video-preview":"max-video-preview:-1"},"canonical":"https:\/\/www.camping-arroch.com\/en\/locations\/","og_locale":"en_US","og_type":"article","og_title":"Camping and Caravanning in Northern Finist\u00e8re | Campsite in Finist\u00e8re","og_description":"Caravan sites in northern Finist\u00e8re: spacious pitches, sea views, unspoilt nature and 3-star facilities for caravans, tents or motorhomes","og_url":"https:\/\/www.camping-arroch.com\/en\/locations\/","og_site_name":"Camping Ar Roc&#039;h","og_image":[{"width":2560,"height":884,"url":"https:\/\/www.camping-arroch.com\/wp-content\/uploads\/2020\/06\/IMG_20200403_141836-1-scaled-e1591707752340.jpg","type":"image\/jpeg"}],"twitter_card":"summary_large_image","schema":{"@context":"https:\/\/schema.org","@graph":[{"@type":"WebPage","@id":"https:\/\/www.camping-arroch.com\/en\/locations\/","url":"https:\/\/www.camping-arroch.com\/en\/locations\/","name":"Camping and Caravanning in Northern Finist\u00e8re | Campsite in Finist\u00e8re","isPartOf":{"@id":"https:\/\/www.camping-arroch.com\/en\/#website"},"primaryImageOfPage":{"@id":"https:\/\/www.camping-arroch.com\/en\/locations\/#primaryimage"},"image":{"@id":"https:\/\/www.camping-arroch.com\/en\/locations\/#primaryimage"},"thumbnailUrl":"https:\/\/www.camping-arroch.com\/wp-content\/uploads\/2020\/06\/IMG_20200403_141836-1-scaled-e1591707752340.jpg","datePublished":"2026-01-30T15:44:38+00:00","description":"Caravan sites in northern Finist\u00e8re: spacious pitches, sea views, unspoilt nature and 3-star facilities for caravans, tents or motorhomes","breadcrumb":{"@id":"https:\/\/www.camping-arroch.com\/en\/locations\/#breadcrumb"},"inLanguage":"en-US","potentialAction":[{"@type":"ReadAction","target":["https:\/\/www.camping-arroch.com\/en\/locations\/"]}]},{"@type":"ImageObject","inLanguage":"en-US","@id":"https:\/\/www.camping-arroch.com\/en\/locations\/#primaryimage","url":"https:\/\/www.camping-arroch.com\/wp-content\/uploads\/2020\/06\/IMG_20200403_141836-1-scaled-e1591707752340.jpg","contentUrl":"https:\/\/www.camping-arroch.com\/wp-content\/uploads\/2020\/06\/IMG_20200403_141836-1-scaled-e1591707752340.jpg","width":2560,"height":884},{"@type":"BreadcrumbList","@id":"https:\/\/www.camping-arroch.com\/en\/locations\/#breadcrumb","itemListElement":[{"@type":"ListItem","position":1,"name":"Camping Finist\u00e8re","item":"https:\/\/www.camping-arroch.com\/en\/"},{"@type":"ListItem","position":2,"name":"Location Finist\u00e8re"}]},{"@type":"WebSite","@id":"https:\/\/www.camping-arroch.com\/en\/#website","url":"https:\/\/www.camping-arroch.com\/en\/","name":"Camping Ar Roc&#039;h","description":"","potentialAction":[{"@type":"SearchAction","target":{"@type":"EntryPoint","urlTemplate":"https:\/\/www.camping-arroch.com\/en\/?s={search_term_string}"},"query-input":{"@type":"PropertyValueSpecification","valueRequired":true,"valueName":"search_term_string"}}],"inLanguage":"en-US"}]}},"_links":{"self":[{"href":"https:\/\/www.camping-arroch.com\/en\/wp-json\/wp\/v2\/pages\/4312"}],"collection":[{"href":"https:\/\/www.camping-arroch.com\/en\/wp-json\/wp\/v2\/pages"}],"about":[{"href":"https:\/\/www.camping-arroch.com\/en\/wp-json\/wp\/v2\/types\/page"}],"author":[{"embeddable":true,"href":"https:\/\/www.camping-arroch.com\/en\/wp-json\/wp\/v2\/users\/8"}],"replies":[{"embeddable":true,"href":"https:\/\/www.camping-arroch.com\/en\/wp-json\/wp\/v2\/comments?post=4312"}],"version-history":[{"count":0,"href":"https:\/\/www.camping-arroch.com\/en\/wp-json\/wp\/v2\/pages\/4312\/revisions"}],"wp:featuredmedia":[{"embeddable":true,"href":"https:\/\/www.camping-arroch.com\/en\/wp-json\/wp\/v2\/media\/2629"}],"wp:attachment":[{"href":"https:\/\/www.camping-arroch.com\/en\/wp-json\/wp\/v2\/media?parent=4312"}],"curies":[{"name":"wp","href":"https:\/\/api.w.org\/{rel}","templated":true}]}}